{"id":1491,"date":"2016-12-14T09:36:40","date_gmt":"2016-12-14T09:36:40","guid":{"rendered":"http:\/\/largo.rs\/cryogenic-deflashing\/?lang=sr"},"modified":"2017-05-01T09:16:46","modified_gmt":"2017-05-01T09:16:46","slug":"kriogeno-ciscenje","status":"publish","type":"page","link":"https:\/\/largo.rs\/sr\/kriogeno-ciscenje\/","title":{"rendered":"Kriogeno \u010di\u0161\u0107enje"},"content":{"rendered":"","protected":false},"excerpt":{"rendered":"","protected":false},"author":1,"featured_media":1437,"parent":0,"menu_order":0,"comment_status":"closed","ping_status":"closed","template":"templates\/page-cryogenic-deflashing.php","meta":{"_acf_changed":false,"_eb_attr":"","om_disable_all_campaigns":false,"_monsterinsights_skip_tracking":false,"_monsterinsights_sitenote_active":false,"_monsterinsights_sitenote_note":"","_monsterinsights_sitenote_category":0,"footnotes":""},"class_list":["post-1491","page","type-page","status-publish","has-post-thumbnail","hentry"],"acf":[],"aioseo_notices":[],"_links":{"self":[{"href":"https:\/\/largo.rs\/sr\/wp-json\/wp\/v2\/pages\/1491","targetHints":{"allow":["GET"]}}],"collection":[{"href":"https:\/\/largo.rs\/sr\/wp-json\/wp\/v2\/pages"}],"about":[{"href":"https:\/\/largo.rs\/sr\/wp-json\/wp\/v2\/types\/page"}],"author":[{"embeddable":true,"href":"https:\/\/largo.rs\/sr\/wp-json\/wp\/v2\/users\/1"}],"replies":[{"embeddable":true,"href":"https:\/\/largo.rs\/sr\/wp-json\/wp\/v2\/comments?post=1491"}],"version-history":[{"count":3,"href":"https:\/\/largo.rs\/sr\/wp-json\/wp\/v2\/pages\/1491\/revisions"}],"predecessor-version":[{"id":2256,"href":"https:\/\/largo.rs\/sr\/wp-json\/wp\/v2\/pages\/1491\/revisions\/2256"}],"wp:featuredmedia":[{"embeddable":true,"href":"https:\/\/largo.rs\/sr\/wp-json\/wp\/v2\/media\/1437"}],"wp:attachment":[{"href":"https:\/\/largo.rs\/sr\/wp-json\/wp\/v2\/media?parent=1491"}],"curies":[{"name":"wp","href":"https:\/\/api.w.org\/{rel}","templated":true}]}}